{"id":11132,"date":"2021-04-29T17:08:39","date_gmt":"2021-04-29T10:08:39","guid":{"rendered":"http:\/\/academy.edu.vn\/new\/?page_id=11132"},"modified":"2023-11-02T05:57:49","modified_gmt":"2023-11-01T22:57:49","slug":"chuong-trinh-he-2023","status":"publish","type":"page","link":"https:\/\/academy.edu.vn\/new\/chuong-trinh-he-2023\/","title":{"rendered":"CH\u01af\u01a0NG TR\u00ccNH H\u00c8 2023"},"content":{"rendered":"<p><img width=\"3000\" height=\"634\" src=\"https:\/\/academy.edu.vn\/new\/wp-content\/uploads\/2023\/04\/Chuong-trinh-he-2023.png\" alt=\"\" loading=\"lazy\" srcset=\"https:\/\/academy.edu.vn\/new\/wp-content\/uploads\/2023\/04\/Chuong-trinh-he-2023.png 3000w, https:\/\/academy.edu.vn\/new\/wp-content\/uploads\/2023\/04\/Chuong-trinh-he-2023-300x63.png 300w, https:\/\/academy.edu.vn\/new\/wp-content\/uploads\/2023\/04\/Chuong-trinh-he-2023-1024x216.png 1024w, https:\/\/academy.edu.vn\/new\/wp-content\/uploads\/2023\/04\/Chuong-trinh-he-2023-768x162.png 768w, https:\/\/academy.edu.vn\/new\/wp-content\/uploads\/2023\/04\/Chuong-trinh-he-2023-1536x325.png 1536w, https:\/\/academy.edu.vn\/new\/wp-content\/uploads\/2023\/04\/Chuong-trinh-he-2023-2048x433.png 2048w\" sizes=\"(max-width: 3000px) 100vw, 3000px\" \/><br \/>\n\t\t\t\t\t\t\t\t\t\t<img width=\"1920\" height=\"498\" src=\"https:\/\/academy.edu.vn\/new\/wp-content\/uploads\/2023\/04\/do-tuoi.png\" alt=\"\" loading=\"lazy\" srcset=\"https:\/\/academy.edu.vn\/new\/wp-content\/uploads\/2023\/04\/do-tuoi.png 1920w, https:\/\/academy.edu.vn\/new\/wp-content\/uploads\/2023\/04\/do-tuoi-300x78.png 300w, https:\/\/academy.edu.vn\/new\/wp-content\/uploads\/2023\/04\/do-tuoi-1024x266.png 1024w, https:\/\/academy.edu.vn\/new\/wp-content\/uploads\/2023\/04\/do-tuoi-768x199.png 768w, https:\/\/academy.edu.vn\/new\/wp-content\/uploads\/2023\/04\/do-tuoi-1536x398.png 1536w\" sizes=\"(max-width: 1920px) 100vw, 1920px\" \/><br \/>\n\t\t\t\t\t\t\t\t\t\t\t<a href=\"https:\/\/academy.edu.vn\/new\/academy-aec-summer-elite-course\/\"><br \/>\n\t\t\t\t\t\t\t<img width=\"3000\" height=\"1509\" src=\"https:\/\/academy.edu.vn\/new\/wp-content\/uploads\/2023\/04\/Khoa-he-Summer-Elite.png\" alt=\"\" loading=\"lazy\" srcset=\"https:\/\/academy.edu.vn\/new\/wp-content\/uploads\/2023\/04\/Khoa-he-Summer-Elite.png 3000w, https:\/\/academy.edu.vn\/new\/wp-content\/uploads\/2023\/04\/Khoa-he-Summer-Elite-300x151.png 300w, https:\/\/academy.edu.vn\/new\/wp-content\/uploads\/2023\/04\/Khoa-he-Summer-Elite-1024x515.png 1024w, https:\/\/academy.edu.vn\/new\/wp-content\/uploads\/2023\/04\/Khoa-he-Summer-Elite-768x386.png 768w, https:\/\/academy.edu.vn\/new\/wp-content\/uploads\/2023\/04\/Khoa-he-Summer-Elite-1536x773.png 1536w, https:\/\/academy.edu.vn\/new\/wp-content\/uploads\/2023\/04\/Khoa-he-Summer-Elite-2048x1030.png 2048w\" sizes=\"(max-width: 3000px) 100vw, 3000px\" \/>\t\t\t\t\t\t\t\t<\/a><br \/>\n\t\t\t\t\t\t\t\t\t\t\t<a href=\"https:\/\/academy.edu.vn\/new\/academy-aec-summer-elite-course\/\"><br \/>\n\t\t\t\t\t\t\t<img width=\"3000\" height=\"1816\" src=\"https:\/\/academy.edu.vn\/new\/wp-content\/uploads\/2023\/04\/summer-elite-course-cover.png\" alt=\"\" loading=\"lazy\" srcset=\"https:\/\/academy.edu.vn\/new\/wp-content\/uploads\/2023\/04\/summer-elite-course-cover.png 3000w, https:\/\/academy.edu.vn\/new\/wp-content\/uploads\/2023\/04\/summer-elite-course-cover-300x182.png 300w, https:\/\/academy.edu.vn\/new\/wp-content\/uploads\/2023\/04\/summer-elite-course-cover-1024x620.png 1024w, https:\/\/academy.edu.vn\/new\/wp-content\/uploads\/2023\/04\/summer-elite-course-cover-768x465.png 768w, https:\/\/academy.edu.vn\/new\/wp-content\/uploads\/2023\/04\/summer-elite-course-cover-1536x930.png 1536w, https:\/\/academy.edu.vn\/new\/wp-content\/uploads\/2023\/04\/summer-elite-course-cover-2048x1240.png 2048w\" sizes=\"(max-width: 3000px) 100vw, 3000px\" \/>\t\t\t\t\t\t\t\t<\/a><br \/>\n\t\tTi\u1ebfp n\u1ed1i th\u00e0nh c\u00f4ng r\u1ef1c r\u1ee1 c\u1ee7a c\u00e1c kh\u00f3a h\u1ecdc h\u00e8 qua c\u00e1c n\u0103m, k\u1ebft h\u1ee3p v\u1edbi nh\u1eefng thay \u0111\u1ed5i t\u00edch c\u1ef1c t\u1eeb h\u1ecdc vi\u00ean \u0111\u00e3 \u0111\u01b0\u1ee3c d\u1eabn ch\u1ee9ng qua c\u00e1c kh\u00f3a h\u1ecdc <b>Public Speaking &#8211; Di\u1ec5n thuy\u1ebft tr\u01b0\u1edbc c\u00f4ng ch\u00fang<\/b> v\u00e0 c\u00e1c bu\u1ed5i sinh ho\u1ea1t \u0111\u1ecbnh k\u1ef3 c\u1ee7a <b>C\u00e2u l\u1ea1c b\u1ed9 ADDC &#8211; CLB Tranh bi\u1ec7n C\u00e1 heo<\/b>, <b>ACADEMY AEC<\/b> ti\u1ebfp t\u1ee5c x\u00e2y d\u1ef1ng kh\u00f3a h\u1ecdc <b>\u201cAEC SUMMER ELITE COURSE 2023\u2019<\/b>\u00a0v\u1edbi phi\u00ean b\u1ea3n m\u1edbi h\u01a1n, t\u1eadp trung v\u00e0o <b>S\u1ef0 T\u1ef0 TIN<\/b> qua c\u00e1c ho\u1ea1t \u0111\u1ed9ng ti\u1ebfng Anh v\u00e0 K\u1ef9 n\u0103ng k\u1ebft h\u1ee3p v\u1edbi nh\u1eefng bu\u1ed5i ngo\u1ea1i kh\u00f3a nh\u1eb1m gi\u00fap h\u1ecdc vi\u00ean <strong>PH\u00c1T TRI\u1ec2N TO\u00c0N DI\u1ec6N<\/strong> c\u1ea3 v\u1ec1 T\u01b0 duy, Th\u1ec3 ch\u1ea5t, Tinh th\u1ea7n.<br \/>\n\t\t\t\t\t\t\t\t\t\t<img width=\"3000\" height=\"1458\" src=\"https:\/\/academy.edu.vn\/new\/wp-content\/uploads\/2023\/04\/diem-noi-bat-summer-elite.png\" alt=\"\" loading=\"lazy\" srcset=\"https:\/\/academy.edu.vn\/new\/wp-content\/uploads\/2023\/04\/diem-noi-bat-summer-elite.png 3000w, https:\/\/academy.edu.vn\/new\/wp-content\/uploads\/2023\/04\/diem-noi-bat-summer-elite-300x146.png 300w, https:\/\/academy.edu.vn\/new\/wp-content\/uploads\/2023\/04\/diem-noi-bat-summer-elite-1024x498.png 1024w, https:\/\/academy.edu.vn\/new\/wp-content\/uploads\/2023\/04\/diem-noi-bat-summer-elite-768x373.png 768w, https:\/\/academy.edu.vn\/new\/wp-content\/uploads\/2023\/04\/diem-noi-bat-summer-elite-1536x746.png 1536w, https:\/\/academy.edu.vn\/new\/wp-content\/uploads\/2023\/04\/diem-noi-bat-summer-elite-2048x995.png 2048w\" sizes=\"(max-width: 3000px) 100vw, 3000px\" \/><br \/>\n\t\t\t<a href=\"https:\/\/academy.edu.vn\/new\/dang-ky-chuong-trinh-he-2023\/\" target=\"_blank\" role=\"button\" rel=\"noopener noreferrer\"><br \/>\n\t\t\t\t\t\t\u0110\u0102NG K\u00dd NH\u1eacN TH\u00d4NG TIN T\u01af V\u1ea4N<br \/>\n\t\t\t\t\t<\/a><\/p>\n<ul>\n<li>\n\t\t\t\t\t\t\t\t\t\tTh\u1eddi gian: 12\/06 &#8211; 07\/07\/2023\n\t\t\t\t\t\t\t\t\t<\/li>\n<li>\n\t\t\t\t\t\t\t\t\t\tNg\u00f4n ng\u1eef: 100% Ti\u1ebfng Anh\n\t\t\t\t\t\t\t\t\t<\/li>\n<li>\n\t\t\t\t\t\t\t\t\t\tS\u1ed1 l\u01b0\u1ee3ng: 30-40 H\u1ecdc vi\u00ean\n\t\t\t\t\t\t\t\t\t<\/li>\n<\/ul>\n<p>\t\t\t\t\t\t\t\t\t\t\t<a href=\"https:\/\/academy.edu.vn\/new\/wp-content\/uploads\/2023\/05\/lich-trinh-summer-elite.png\" data-elementor-open-lightbox=\"yes\" data-elementor-lightbox-title=\"l\u1ecbch-tr\u00ecnh-summer-elite\"><br \/>\n\t\t\t\t\t\t\t<img width=\"3000\" height=\"2294\" src=\"https:\/\/academy.edu.vn\/new\/wp-content\/uploads\/2023\/05\/lich-trinh-summer-elite.png\" alt=\"\" loading=\"lazy\" srcset=\"https:\/\/academy.edu.vn\/new\/wp-content\/uploads\/2023\/05\/lich-trinh-summer-elite.png 3000w, https:\/\/academy.edu.vn\/new\/wp-content\/uploads\/2023\/05\/lich-trinh-summer-elite-300x229.png 300w, https:\/\/academy.edu.vn\/new\/wp-content\/uploads\/2023\/05\/lich-trinh-summer-elite-1024x783.png 1024w, https:\/\/academy.edu.vn\/new\/wp-content\/uploads\/2023\/05\/lich-trinh-summer-elite-768x587.png 768w, https:\/\/academy.edu.vn\/new\/wp-content\/uploads\/2023\/05\/lich-trinh-summer-elite-1536x1175.png 1536w, https:\/\/academy.edu.vn\/new\/wp-content\/uploads\/2023\/05\/lich-trinh-summer-elite-2048x1566.png 2048w\" sizes=\"(max-width: 3000px) 100vw, 3000px\" \/>\t\t\t\t\t\t\t\t<\/a><br \/>\n\t\t<iframe title=\"Recap KH\u00d3A H\u00c8 3Rs STAYCATION ACADEMY AEC\" width=\"525\" height=\"295\" src=\"https:\/\/www.youtube.com\/embed\/g-idm_ik4fo?feature=oembed\" frameborder=\"0\" allow=\"accelerometer; autoplay; clipboard-write; encrypted-media; gyroscope; picture-in-picture; web-share\" allowfullscreen><\/iframe><br \/>\n\t\t\t\t\t\t\t\t\t\t<img width=\"3000\" height=\"1509\" src=\"https:\/\/academy.edu.vn\/new\/wp-content\/uploads\/2023\/04\/trai-he-quoc-te-aec-camps.png\" alt=\"\" loading=\"lazy\" srcset=\"https:\/\/academy.edu.vn\/new\/wp-content\/uploads\/2023\/04\/trai-he-quoc-te-aec-camps.png 3000w, https:\/\/academy.edu.vn\/new\/wp-content\/uploads\/2023\/04\/trai-he-quoc-te-aec-camps-300x151.png 300w, https:\/\/academy.edu.vn\/new\/wp-content\/uploads\/2023\/04\/trai-he-quoc-te-aec-camps-1024x515.png 1024w, https:\/\/academy.edu.vn\/new\/wp-content\/uploads\/2023\/04\/trai-he-quoc-te-aec-camps-768x386.png 768w, https:\/\/academy.edu.vn\/new\/wp-content\/uploads\/2023\/04\/trai-he-quoc-te-aec-camps-1536x773.png 1536w, https:\/\/academy.edu.vn\/new\/wp-content\/uploads\/2023\/04\/trai-he-quoc-te-aec-camps-2048x1030.png 2048w\" sizes=\"(max-width: 3000px) 100vw, 3000px\" \/><br \/>\n\t\t\t\t\t\t\t\t\t\t\t<a href=\"https:\/\/academy.edu.vn\/new\/trai-he-aec-camps\/\"><br \/>\n\t\t\t\t\t\t\t<img width=\"3000\" height=\"1816\" src=\"https:\/\/academy.edu.vn\/new\/wp-content\/uploads\/2023\/04\/aec-camps-2023-cover.png\" alt=\"\" loading=\"lazy\" srcset=\"https:\/\/academy.edu.vn\/new\/wp-content\/uploads\/2023\/04\/aec-camps-2023-cover.png 3000w, https:\/\/academy.edu.vn\/new\/wp-content\/uploads\/2023\/04\/aec-camps-2023-cover-300x182.png 300w, https:\/\/academy.edu.vn\/new\/wp-content\/uploads\/2023\/04\/aec-camps-2023-cover-1024x620.png 1024w, https:\/\/academy.edu.vn\/new\/wp-content\/uploads\/2023\/04\/aec-camps-2023-cover-768x465.png 768w, https:\/\/academy.edu.vn\/new\/wp-content\/uploads\/2023\/04\/aec-camps-2023-cover-1536x930.png 1536w, https:\/\/academy.edu.vn\/new\/wp-content\/uploads\/2023\/04\/aec-camps-2023-cover-2048x1240.png 2048w\" sizes=\"(max-width: 3000px) 100vw, 3000px\" \/>\t\t\t\t\t\t\t\t<\/a><br \/>\n\t\t<strong>AEC CAMPS<\/strong> l\u00e0 ch\u01b0\u01a1ng tr\u00ecnh <strong>Tr\u1ea1i h\u00e8 Format Qu\u1ed1c t\u1ebf t\u1ea1i \u0110\u00e0 N\u1eb5ng<\/strong>. V\u1edbi <strong>ng\u00f4n ng\u1eef ti\u1ebfng Anh \u0111\u01b0\u1ee3c s\u1eed d\u1ee5ng 100%<\/strong>, xuy\u00ean su\u1ed1t 3 ng\u00e0y c\u00e1c em s\u1ebd \u0111\u01b0\u1ee3c tr\u1ea3i nghi\u1ec7m chu\u1ed7i ho\u1ea1t \u0111\u1ed9ng <strong>Khoa h\u1ecdc &#8211; Ngh\u1ec7 thu\u1eadt &#8211; Th\u1ec3 thao &#8211; Thi\u1ec7n nguy\u1ec7n<\/strong> \u0111\u1ec3 ph\u00e1t tri\u1ec3n <strong>th\u1ec3 l\u1ef1c &#8211; tr\u00ed l\u1ef1c &#8211; t\u01b0 duy th\u1ea9m m\u1ef9 v\u00e0 l\u00f2ng nh\u00e2n \u00e1i<\/strong>. T\u1ea1i AEC CAMPS 2023 l\u00e0 c\u01a1 h\u1ed9i tr\u1ea3i nghi\u1ec7m ch\u01b0\u01a1ng tr\u00ecnh gi\u00e1o d\u1ee5c v\u1edbi ch\u1ea5t l\u01b0\u1ee3ng Qu\u1ed1c t\u1ebf \u0111\u1ec3 r\u00e8n luy\u1ec7n <strong>t\u01b0 duy ph\u1ea3n x\u1ea1 ti\u1ebfng Anh, t\u0103ng c\u01b0\u1eddng s\u1ee9c kh\u1ecfe, n\u00e2ng cao k\u1ef9 n\u0103ng s\u1ed1ng, \u0111\u1ea9y m\u1ea1nh to\u00e0n di\u1ec7n v\u1ec1 ki\u1ebfn th\u1ee9c h\u1ecdc thu\u1eadt l\u1eabn k\u1ef9 n\u0103ng m\u1ec1m.<\/strong><br \/>\n\t\t\t\t\t\t\t\t\t\t<img width=\"3000\" height=\"1458\" src=\"https:\/\/academy.edu.vn\/new\/wp-content\/uploads\/2023\/04\/diem-noi-bat-aec-camp.png\" alt=\"\" loading=\"lazy\" srcset=\"https:\/\/academy.edu.vn\/new\/wp-content\/uploads\/2023\/04\/diem-noi-bat-aec-camp.png 3000w, https:\/\/academy.edu.vn\/new\/wp-content\/uploads\/2023\/04\/diem-noi-bat-aec-camp-300x146.png 300w, https:\/\/academy.edu.vn\/new\/wp-content\/uploads\/2023\/04\/diem-noi-bat-aec-camp-1024x498.png 1024w, https:\/\/academy.edu.vn\/new\/wp-content\/uploads\/2023\/04\/diem-noi-bat-aec-camp-768x373.png 768w, https:\/\/academy.edu.vn\/new\/wp-content\/uploads\/2023\/04\/diem-noi-bat-aec-camp-1536x746.png 1536w, https:\/\/academy.edu.vn\/new\/wp-content\/uploads\/2023\/04\/diem-noi-bat-aec-camp-2048x995.png 2048w\" sizes=\"(max-width: 3000px) 100vw, 3000px\" \/><br \/>\n\t\t\t<a href=\"https:\/\/academy.edu.vn\/new\/dang-ky-chuong-trinh-he-2023\/\" target=\"_blank\" role=\"button\" rel=\"noopener noreferrer\"><br \/>\n\t\t\t\t\t\t\u0110\u0102NG K\u00dd NH\u1eacN TH\u00d4NG TIN T\u01af V\u1ea4N<br \/>\n\t\t\t\t\t<\/a><\/p>\n<ul>\n<li>\n\t\t\t\t\t\t\t\t\t\tTh\u1eddi gian: 12\/07 &#8211; 14\/07\/2023\n\t\t\t\t\t\t\t\t\t<\/li>\n<li>\n\t\t\t\t\t\t\t\t\t\tNg\u00f4n ng\u1eef: 100% Ti\u1ebfng Anh\n\t\t\t\t\t\t\t\t\t<\/li>\n<li>\n\t\t\t\t\t\t\t\t\t\tS\u1ed1 l\u01b0\u1ee3ng: 60-80 H\u1ecdc vi\u00ean\n\t\t\t\t\t\t\t\t\t<\/li>\n<\/ul>\n<p>\t\t\t\t\t\t\t\t\t\t\t<a href=\"https:\/\/academy.edu.vn\/new\/wp-content\/uploads\/2023\/04\/lich-trinh-aec-camp.png\" data-elementor-open-lightbox=\"yes\" data-elementor-lightbox-title=\"lich-tr\u00ecnh-aec-camp\"><br \/>\n\t\t\t\t\t\t\t<img width=\"3000\" height=\"1442\" src=\"https:\/\/academy.edu.vn\/new\/wp-content\/uploads\/2023\/04\/lich-trinh-aec-camp.png\" alt=\"\" loading=\"lazy\" srcset=\"https:\/\/academy.edu.vn\/new\/wp-content\/uploads\/2023\/04\/lich-trinh-aec-camp.png 3000w, https:\/\/academy.edu.vn\/new\/wp-content\/uploads\/2023\/04\/lich-trinh-aec-camp-300x144.png 300w, https:\/\/academy.edu.vn\/new\/wp-content\/uploads\/2023\/04\/lich-trinh-aec-camp-1024x492.png 1024w, https:\/\/academy.edu.vn\/new\/wp-content\/uploads\/2023\/04\/lich-trinh-aec-camp-768x369.png 768w, https:\/\/academy.edu.vn\/new\/wp-content\/uploads\/2023\/04\/lich-trinh-aec-camp-1536x738.png 1536w, https:\/\/academy.edu.vn\/new\/wp-content\/uploads\/2023\/04\/lich-trinh-aec-camp-2048x984.png 2048w\" sizes=\"(max-width: 3000px) 100vw, 3000px\" \/>\t\t\t\t\t\t\t\t<\/a><br \/>\n\t\t<iframe title=\"TR\u1ea0I H\u00c8 QU\u1ed0C T\u1ebe T\u1ea0I \u0110\u00c0 N\u1eb4NG - AEC CAMPS\" width=\"525\" height=\"295\" src=\"https:\/\/www.youtube.com\/embed\/bpwCrQpGh-U?feature=oembed\" frameborder=\"0\" allow=\"accelerometer; autoplay; clipboard-write; encrypted-media; gyroscope; picture-in-picture; web-share\" allowfullscreen><\/iframe><br \/>\n\t\t\t<a href=\"https:\/\/academy.edu.vn\/new\/dang-ky-chuong-trinh-he-2023\/\" target=\"_blank\" role=\"button\" rel=\"noopener noreferrer\"><br \/>\n\t\t\t\t\t\t\u0110\u0102NG K\u00dd NH\u1eacN TH\u00d4NG TIN T\u01af V\u1ea4N<br \/>\n\t\t\t\t\t<\/a><br \/>\n\t\t\t\t\t\t\t\t\t\t<img width=\"525\" height=\"144\" src=\"https:\/\/academy.edu.vn\/new\/wp-content\/uploads\/2023\/04\/hoc-bong-thang-5-1024x281.png\" alt=\"\" loading=\"lazy\" srcset=\"https:\/\/academy.edu.vn\/new\/wp-content\/uploads\/2023\/04\/hoc-bong-thang-5-1024x281.png 1024w, https:\/\/academy.edu.vn\/new\/wp-content\/uploads\/2023\/04\/hoc-bong-thang-5-300x82.png 300w, https:\/\/academy.edu.vn\/new\/wp-content\/uploads\/2023\/04\/hoc-bong-thang-5-768x210.png 768w, https:\/\/academy.edu.vn\/new\/wp-content\/uploads\/2023\/04\/hoc-bong-thang-5-1536x421.png 1536w, https:\/\/academy.edu.vn\/new\/wp-content\/uploads\/2023\/04\/hoc-bong-thang-5-2048x561.png 2048w\" sizes=\"(max-width: 525px) 100vw, 525px\" \/><br \/>\n\t\t\t<img  src=\"https:\/\/academy.edu.vn\/new\/wp-content\/uploads\/2023\/04\/DSC03542-scaled.jpg\" alt=\"DSC03542\"><br \/>\n\t\t\t\t\t\t\t<a data-elementor-open-lightbox=\"no\" data-caption=\"\" href=\"https:\/\/academy.edu.vn\/new\/wp-content\/uploads\/2023\/04\/DSC03542-scaled.jpg\"><br \/>\n\t\t\t\t\t\t\t\t\t\t\t\t\t\t\t<\/a><br \/>\n\t\t\t<img  src=\"https:\/\/academy.edu.vn\/new\/wp-content\/uploads\/2023\/04\/DSC03548-scaled.jpg\" alt=\"DSC03548\"><br \/>\n\t\t\t\t\t\t\t<a data-elementor-open-lightbox=\"no\" data-caption=\"\" href=\"https:\/\/academy.edu.vn\/new\/wp-content\/uploads\/2023\/04\/DSC03548-scaled.jpg\"><br \/>\n\t\t\t\t\t\t\t\t\t\t\t\t\t\t\t<\/a><br \/>\n\t\t\t<img  src=\"https:\/\/academy.edu.vn\/new\/wp-content\/uploads\/2020\/05\/13.jpg\" alt=\"13\"><br \/>\n\t\t\t\t\t\t\t<a data-elementor-open-lightbox=\"no\" data-caption=\"\" href=\"https:\/\/academy.edu.vn\/new\/wp-content\/uploads\/2020\/05\/13.jpg\"><br \/>\n\t\t\t\t\t\t\t\t\t\t\t\t\t\t\t<\/a><br \/>\n\t\t\t<img  src=\"https:\/\/academy.edu.vn\/new\/wp-content\/uploads\/2023\/04\/DSC03388-scaled.jpg\" alt=\"DSC03388\"><br \/>\n\t\t\t\t\t\t\t<a data-elementor-open-lightbox=\"no\" data-caption=\"\" href=\"https:\/\/academy.edu.vn\/new\/wp-content\/uploads\/2023\/04\/DSC03388-scaled.jpg\"><br \/>\n\t\t\t\t\t\t\t\t\t\t\t\t\t\t\t<\/a><br \/>\n\t\t\t<img  src=\"https:\/\/academy.edu.vn\/new\/wp-content\/uploads\/2020\/05\/7-5.jpg\" alt=\"7\"><br \/>\n\t\t\t\t\t\t\t<a data-elementor-open-lightbox=\"no\" data-caption=\"\" href=\"https:\/\/academy.edu.vn\/new\/wp-content\/uploads\/2020\/05\/7-5.jpg\"><br \/>\n\t\t\t\t\t\t\t\t\t\t\t\t\t\t\t<\/a><br \/>\n\t\t\t<img  src=\"https:\/\/academy.edu.vn\/new\/wp-content\/uploads\/2020\/05\/14.jpg\" alt=\"14\"><br \/>\n\t\t\t\t\t\t\t<a data-elementor-open-lightbox=\"no\" data-caption=\"\" href=\"https:\/\/academy.edu.vn\/new\/wp-content\/uploads\/2020\/05\/14.jpg\"><br \/>\n\t\t\t\t\t\t\t\t\t\t\t\t\t\t\t<\/a><br \/>\n\t\t\t<img  src=\"https:\/\/academy.edu.vn\/new\/wp-content\/uploads\/2022\/04\/DOO_0008-scaled.jpg\" alt=\"DOO_0008\"><br \/>\n\t\t\t\t\t\t\t<a data-elementor-open-lightbox=\"no\" data-caption=\"\" href=\"https:\/\/academy.edu.vn\/new\/wp-content\/uploads\/2022\/04\/DOO_0008-scaled.jpg\"><br \/>\n\t\t\t\t\t\t\t\t\t\t\t\t\t\t\t<\/a><br \/>\n\t\t\t<img  src=\"https:\/\/academy.edu.vn\/new\/wp-content\/uploads\/2023\/04\/DSC03384-scaled.jpg\" alt=\"DSC03384\"><br \/>\n\t\t\t\t\t\t\t<a data-elementor-open-lightbox=\"no\" data-caption=\"\" href=\"https:\/\/academy.edu.vn\/new\/wp-content\/uploads\/2023\/04\/DSC03384-scaled.jpg\"><br \/>\n\t\t\t\t\t\t\t\t\t\t\t\t\t\t\t<\/a><br \/>\n\t\t\t<img  src=\"https:\/\/academy.edu.vn\/new\/wp-content\/uploads\/2023\/04\/DSC03380-scaled.jpg\" alt=\"DSC03380\"><br \/>\n\t\t\t\t\t\t\t<a data-elementor-open-lightbox=\"no\" data-caption=\"\" href=\"https:\/\/academy.edu.vn\/new\/wp-content\/uploads\/2023\/04\/DSC03380-scaled.jpg\"><br \/>\n\t\t\t\t\t\t\t\t\t\t\t\t\t\t\t<\/a><br \/>\n\t\t\t<img  src=\"https:\/\/academy.edu.vn\/new\/wp-content\/uploads\/2023\/04\/DSC03377-scaled.jpg\" alt=\"DSC03377\"><br \/>\n\t\t\t\t\t\t\t<a data-elementor-open-lightbox=\"no\" data-caption=\"\" href=\"https:\/\/academy.edu.vn\/new\/wp-content\/uploads\/2023\/04\/DSC03377-scaled.jpg\"><br \/>\n\t\t\t\t\t\t\t\t\t\t\t\t\t\t\t<\/a><br \/>\n\t\t\t<img  src=\"https:\/\/academy.edu.vn\/new\/wp-content\/uploads\/2020\/05\/25-4.jpg\" alt=\"25\"><br \/>\n\t\t\t\t\t\t\t<a data-elementor-open-lightbox=\"no\" data-caption=\"\" href=\"https:\/\/academy.edu.vn\/new\/wp-content\/uploads\/2020\/05\/25-4.jpg\"><br \/>\n\t\t\t\t\t\t\t\t\t\t\t\t\t\t\t<\/a><br \/>\n\t\t\t<img  src=\"https:\/\/academy.edu.vn\/new\/wp-content\/uploads\/2023\/04\/IMG_0599-scaled.jpg\" alt=\"IMG_0599\"><br \/>\n\t\t\t\t\t\t\t<a data-elementor-open-lightbox=\"no\" data-caption=\"\" href=\"https:\/\/academy.edu.vn\/new\/wp-content\/uploads\/2023\/04\/IMG_0599-scaled.jpg\"><br \/>\n\t\t\t\t\t\t\t\t\t\t\t\t\t\t\t<\/a><br \/>\n\t\t\t<img  src=\"https:\/\/academy.edu.vn\/new\/wp-content\/uploads\/2023\/04\/DSC03376-scaled.jpg\" alt=\"DSC03376\"><br \/>\n\t\t\t\t\t\t\t<a data-elementor-open-lightbox=\"no\" data-caption=\"\" href=\"https:\/\/academy.edu.vn\/new\/wp-content\/uploads\/2023\/04\/DSC03376-scaled.jpg\"><br \/>\n\t\t\t\t\t\t\t\t\t\t\t\t\t\t\t<\/a><br \/>\n\t\t\t<img  src=\"https:\/\/academy.edu.vn\/new\/wp-content\/uploads\/2020\/05\/60.jpg\" alt=\"60\"><br \/>\n\t\t\t\t\t\t\t<a data-elementor-open-lightbox=\"no\" data-caption=\"\" href=\"https:\/\/academy.edu.vn\/new\/wp-content\/uploads\/2020\/05\/60.jpg\"><br \/>\n\t\t\t\t\t\t\t\t\t\t\t\t\t\t\t<\/a><br \/>\n\t\t\t<img  src=\"https:\/\/academy.edu.vn\/new\/wp-content\/uploads\/2020\/05\/9.jpg\" alt=\"9\"><br \/>\n\t\t\t\t\t\t\t<a data-elementor-open-lightbox=\"no\" data-caption=\"\" href=\"https:\/\/academy.edu.vn\/new\/wp-content\/uploads\/2020\/05\/9.jpg\"><br \/>\n\t\t\t\t\t\t\t\t\t\t\t\t\t\t\t<\/a><br \/>\n\t\t\t<img  src=\"https:\/\/academy.edu.vn\/new\/wp-content\/uploads\/2022\/04\/DOO_9902-scaled.jpg\" alt=\"DOO_9902\"><br \/>\n\t\t\t\t\t\t\t<a data-elementor-open-lightbox=\"no\" data-caption=\"\" href=\"https:\/\/academy.edu.vn\/new\/wp-content\/uploads\/2022\/04\/DOO_9902-scaled.jpg\"><br \/>\n\t\t\t\t\t\t\t\t\t\t\t\t\t\t\t<\/a><br \/>\n\t\t\t<img  src=\"https:\/\/academy.edu.vn\/new\/wp-content\/uploads\/2020\/05\/72.jpg\" alt=\"72\"><br \/>\n\t\t\t\t\t\t\t<a data-elementor-open-lightbox=\"no\" data-caption=\"\" href=\"https:\/\/academy.edu.vn\/new\/wp-content\/uploads\/2020\/05\/72.jpg\"><br \/>\n\t\t\t\t\t\t\t\t\t\t\t\t\t\t\t<\/a><br \/>\n\t\t\t<img  src=\"https:\/\/academy.edu.vn\/new\/wp-content\/uploads\/2020\/05\/20-4.jpg\" alt=\"20\"><br \/>\n\t\t\t\t\t\t\t<a data-elementor-open-lightbox=\"no\" data-caption=\"\" href=\"https:\/\/academy.edu.vn\/new\/wp-content\/uploads\/2020\/05\/20-4.jpg\"><br \/>\n\t\t\t\t\t\t\t\t\t\t\t\t\t\t\t<\/a><br \/>\n\t\t\t<img  src=\"https:\/\/academy.edu.vn\/new\/wp-content\/uploads\/2022\/05\/DOO_9903-scaled.jpg\" alt=\"DOO_9903\"><br \/>\n\t\t\t\t\t\t\t<a data-elementor-open-lightbox=\"no\" data-caption=\"\" href=\"https:\/\/academy.edu.vn\/new\/wp-content\/uploads\/2022\/05\/DOO_9903-scaled.jpg\"><br \/>\n\t\t\t\t\t\t\t\t\t\t\t\t\t\t\t<\/a><br \/>\n\t\t\t<img  src=\"https:\/\/academy.edu.vn\/new\/wp-content\/uploads\/2023\/04\/DOO_0784-scaled.jpg\" alt=\"DOO_0784\"><br \/>\n\t\t\t\t\t\t\t<a data-elementor-open-lightbox=\"no\" data-caption=\"\" href=\"https:\/\/academy.edu.vn\/new\/wp-content\/uploads\/2023\/04\/DOO_0784-scaled.jpg\"><br \/>\n\t\t\t\t\t\t\t\t\t\t\t\t\t\t\t<\/a><\/p>\n<div style=\"display: none;\"> <a href=\"https:\/\/www.putashub.com\/\">www.putashub.com<\/a> <a href=\"https:\/\/www.putashub.com\/beeg\/\">https:\/\/www.putashub.com\/beeg\/<\/a> <a href=\"https:\/\/www.putashub.com\/brazzers\/\">https:\/\/www.putashub.com\/brazzers\/<\/a> <a href=\"https:\/\/www.putashub.com\/canal-porno\/\">https:\/\/www.putashub.com\/canal-porno\/<\/a>  <\/div>\n","protected":false},"excerpt":{"rendered":"<p>Ti\u1ebfp n\u1ed1i th\u00e0nh c\u00f4ng r\u1ef1c r\u1ee1 c\u1ee7a c\u00e1c kh\u00f3a h\u1ecdc h\u00e8 qua c\u00e1c n\u0103m, k\u1ebft h\u1ee3p v\u1edbi nh\u1eefng thay \u0111\u1ed5i t\u00edch c\u1ef1c t\u1eeb h\u1ecdc vi\u00ean \u0111\u00e3 \u0111\u01b0\u1ee3c d\u1eabn ch\u1ee9ng qua c\u00e1c kh\u00f3a h\u1ecdc Public Speaking &#8211; Di\u1ec5n thuy\u1ebft tr\u01b0\u1edbc c\u00f4ng ch\u00fang v\u00e0 c\u00e1c bu\u1ed5i sinh [&hellip;]<\/p>\n","protected":false},"author":1,"featured_media":0,"parent":0,"menu_order":0,"comment_status":"closed","ping_status":"closed","template":"","meta":[],"_links":{"self":[{"href":"https:\/\/academy.edu.vn\/new\/wp-json\/wp\/v2\/pages\/11132"}],"collection":[{"href":"https:\/\/academy.edu.vn\/new\/wp-json\/wp\/v2\/pages"}],"about":[{"href":"https:\/\/academy.edu.vn\/new\/wp-json\/wp\/v2\/types\/page"}],"author":[{"embeddable":true,"href":"https:\/\/academy.edu.vn\/new\/wp-json\/wp\/v2\/users\/1"}],"replies":[{"embeddable":true,"href":"https:\/\/academy.edu.vn\/new\/wp-json\/wp\/v2\/comments?post=11132"}],"version-history":[{"count":58,"href":"https:\/\/academy.edu.vn\/new\/wp-json\/wp\/v2\/pages\/11132\/revisions"}],"predecessor-version":[{"id":19833,"href":"https:\/\/academy.edu.vn\/new\/wp-json\/wp\/v2\/pages\/11132\/revisions\/19833"}],"wp:attachment":[{"href":"https:\/\/academy.edu.vn\/new\/wp-json\/wp\/v2\/media?parent=11132"}],"curies":[{"name":"wp","href":"https:\/\/api.w.org\/{rel}","templated":true}]}}